{"id":188,"date":"2025-11-16T18:38:41","date_gmt":"2025-11-16T18:38:41","guid":{"rendered":"https:\/\/sevenpinecones.com\/?page_id=188"},"modified":"2025-11-17T00:22:36","modified_gmt":"2025-11-17T00:22:36","slug":"about-us","status":"publish","type":"page","link":"https:\/\/sevenpinecones.com\/lt\/about-us\/","title":{"rendered":"About Us"},"content":{"rendered":"<section class=\"bde-section-188-100 bde-section\">\n  \n  \n\t\n\n\n\n<div class=\"section-container\"><h1 class=\"bde-heading-188-101 bde-heading\">\nAbout Us\n<\/h1><\/div>\n<\/section><section class=\"bde-section-188-104 bde-section\">\n  \n  \n\t\n\n\n\n<div class=\"section-container\"><div class=\"bde-columns-188-106 bde-columns\"><div class=\"bde-column-188-107 bde-column\">\n  \n  \n\t\n\n\n\n<img decoding=\"async\" class=\"bde-image2-188-108 bde-image2\" src=\"http:\/\/sevenpinecones.com\/wp-content\/uploads\/2025\/11\/seven-pinecones-about-us.jpg\" loading=\"lazy\" srcset=\"https:\/\/sevenpinecones.com\/wp-content\/uploads\/2025\/11\/seven-pinecones-about-us.jpg 1366w, https:\/\/sevenpinecones.com\/wp-content\/uploads\/2025\/11\/seven-pinecones-about-us-200x300.jpg 200w, https:\/\/sevenpinecones.com\/wp-content\/uploads\/2025\/11\/seven-pinecones-about-us-683x1024.jpg 683w, https:\/\/sevenpinecones.com\/wp-content\/uploads\/2025\/11\/seven-pinecones-about-us-768x1151.jpg 768w, https:\/\/sevenpinecones.com\/wp-content\/uploads\/2025\/11\/seven-pinecones-about-us-1025x1536.jpg 1025w\" sizes=\"(max-width: 1366px) 100vw, 1366px\"><div class=\"bde-text-188-109 bde-text\">\nEdvinas\n<\/div>\n<\/div><div class=\"bde-column-188-110 bde-column\">\n  \n  \n\t\n\n\n\n<div class=\"bde-text-188-111 bde-text\">\nMes buvome susij\u0119 dar gerokai prie\u0161 gimstant \u0161iam projektui \u2013 kaip broliai, kaip draugai, kaip du \u017emon\u0117s, einantys gyvenimu kartu.<br><br>Met\u0173 patirtys, i\u0161\u0161\u016bkiai, augimas ir tas ry\u0161ys, kuriam nereikia \u017eod\u017ei\u0173, tapo pagrindu viskam, k\u0105 kuriame kartu. Kai atliekame savo pasirodymus, tai n\u0117ra tiesiog koncertas.<br><br>Tai erdv\u0117, kuri\u0105 atveriame kartu \u2013 erdv\u0117, kurioje m\u016bs\u0173 pasitik\u0117jimas tampa garsu, m\u016bs\u0173 istorija virsta ritmu, o m\u016bs\u0173 intencija tampa ka\u017ekuo, k\u0105 galima pajusti pa\u010dioje erdv\u0117je.\n<\/div>\n<\/div><div class=\"bde-column-188-112 bde-column\">\n  \n  \n\t\n\n\n\n<img decoding=\"async\" class=\"bde-image2-188-113 bde-image2\" src=\"\u201eSeven Pinecones\u201c \u2013 tai m\u016bs\u0173 b\u016bdas dalintis su pasauliu ka\u017ekuo tikru ir nuo\u0161ird\u017eiu. \u0160is projektas gim\u0117 i\u0161 noro kurti akimirkas, kuriose \u017emon\u0117s gal\u0117t\u0173 atsipalaiduoti, v\u0117l pajusti ry\u0161\u012f su savimi ir tiesiog lengviau kv\u0117puoti.\" loading=\"lazy\" srcset=\"\" sizes=\"(max-width: 1366px) 100vw, 1366px\" data-srcset=\"\"><div class=\"bde-text-188-114 bde-text\">\nDominykas\n<\/div>\n<\/div><div class=\"bde-column-188-115 bde-column\">\n  \n  \n\t\n\n\n\n<div class=\"bde-text-188-116 bde-text\">\n\u201eSeven Pinecones\u201c \u2013 tai m\u016bs\u0173 b\u016bdas dalintis su pasauliu ka\u017ekuo tikru ir nuo\u0161ird\u017eiu. \u0160is projektas gim\u0117 i\u0161 noro kurti akimirkas, kuriose \u017emon\u0117s gal\u0117t\u0173 atsipalaiduoti, v\u0117l pajusti ry\u0161\u012f su savimi ir tiesiog lengviau kv\u0117puoti.<br><br>Tai m\u016bs\u0173 k\u016brybin\u0117 ir \u017emogi\u0161ka i\u0161rai\u0161ka, gimusi i\u0161 brolyst\u0117s, buvimo kartu ir vilties, kad \u0161i patirtis palies ka\u017ek\u0105 tikro kiekviename, kuris tampa jos dalimi.\n<\/div>\n<\/div><\/div><\/div>\n<\/section>","protected":false},"excerpt":{"rendered":"<p>About Us Edvinas We have been connected long before this project began &#8211; as brothers, as friends, as two people moving through life side by side.Shaped by years of shared experiences, challenges, growth, and the kind of understanding that doesn\u2019t need words, this bond is the foundation of everything we play.When we perform, it\u2019s not [&hellip;]<\/p>\n","protected":false},"author":2,"featured_media":0,"parent":0,"menu_order":0,"comment_status":"closed","ping_status":"closed","template":"","meta":{"_breakdance_hide_in_design_set":false,"_breakdance_tags":"","footnotes":""},"class_list":["post-188","page","type-page","status-publish","hentry"],"_hostinger_reach_plugin_has_subscription_block":false,"_hostinger_reach_plugin_is_elementor":false,"_links":{"self":[{"href":"https:\/\/sevenpinecones.com\/lt\/wp-json\/wp\/v2\/pages\/188","targetHints":{"allow":["GET"]}}],"collection":[{"href":"https:\/\/sevenpinecones.com\/lt\/wp-json\/wp\/v2\/pages"}],"about":[{"href":"https:\/\/sevenpinecones.com\/lt\/wp-json\/wp\/v2\/types\/page"}],"author":[{"embeddable":true,"href":"https:\/\/sevenpinecones.com\/lt\/wp-json\/wp\/v2\/users\/2"}],"replies":[{"embeddable":true,"href":"https:\/\/sevenpinecones.com\/lt\/wp-json\/wp\/v2\/comments?post=188"}],"version-history":[{"count":8,"href":"https:\/\/sevenpinecones.com\/lt\/wp-json\/wp\/v2\/pages\/188\/revisions"}],"predecessor-version":[{"id":302,"href":"https:\/\/sevenpinecones.com\/lt\/wp-json\/wp\/v2\/pages\/188\/revisions\/302"}],"wp:attachment":[{"href":"https:\/\/sevenpinecones.com\/lt\/wp-json\/wp\/v2\/media?parent=188"}],"curies":[{"name":"wp","href":"https:\/\/api.w.org\/{rel}","templated":true}]}}